{"id":9989,"date":"2022-07-11T22:48:41","date_gmt":"2022-07-11T20:48:41","guid":{"rendered":"https:\/\/eterle.cz\/eshop\/produkt\/brouseny-popelnik\/"},"modified":"2025-02-16T03:00:56","modified_gmt":"2025-02-16T02:00:56","slug":"brouseny-popelnik","status":"publish","type":"product","link":"https:\/\/eterle.cz\/eshop\/produkt\/brouseny-popelnik\/","title":{"rendered":"Brou\u0161en\u00fd popeln\u00edk"},"content":{"rendered":"<p>Ru\u010dn\u011b brou\u0161en\u00fd popeln\u00edk z olovnat\u00e9ho k\u0159i\u0161\u0165\u00e1lov\u00e9ho skla, je tradi\u010dn\u00edm \u010desk\u00fdm skl\u00e1\u0159sk\u00fdm v\u00fdrobkem. \u010cesk\u00e9 olovnat\u00e9 k\u0159i\u0161\u0165\u00e1lov\u00e9 sklo s minim\u00e1ln\u00edm obsahem 24% olova se vyzna\u010duje vysokou m\u00edrou pevnosti, transparentnosti, brilance a t\u0159pytu.<\/p>\n<p>Stav: velmi dobr\u00fd<br \/>\nRozm\u011br<br \/>\nPr\u016fm\u011br: 13,5 cm<\/p>\n","protected":false},"excerpt":{"rendered":"<p>Ru\u010dn\u011b brou\u0161en\u00fd popeln\u00edk z olovnat\u00e9ho k\u0159i\u0161\u0165\u00e1lov\u00e9ho skla, je tradi\u010dn\u00edm \u010desk\u00fdm skl\u00e1\u0159sk\u00fdm v\u00fdrobkem. \u010cesk\u00e9 olovnat\u00e9 k\u0159i\u0161\u0165\u00e1lov\u00e9 sklo s minim\u00e1ln\u00edm obsahem 24%<\/p>\n","protected":false},"featured_media":9990,"template":"","meta":[],"product_brand":[153],"product_cat":[91],"product_tag":[],"class_list":{"0":"post-9989","1":"product","2":"type-product","3":"status-publish","4":"has-post-thumbnail","6":"product_brand-eterle-cz","7":"product_cat-prodane","9":"first","10":"outofstock","11":"purchasable","12":"product-type-simple"},"_links":{"self":[{"href":"https:\/\/eterle.cz\/eshop\/wp-json\/wp\/v2\/product\/9989","targetHints":{"allow":["GET"]}}],"collection":[{"href":"https:\/\/eterle.cz\/eshop\/wp-json\/wp\/v2\/product"}],"about":[{"href":"https:\/\/eterle.cz\/eshop\/wp-json\/wp\/v2\/types\/product"}],"version-history":[{"count":0,"href":"https:\/\/eterle.cz\/eshop\/wp-json\/wp\/v2\/product\/9989\/revisions"}],"wp:featuredmedia":[{"embeddable":true,"href":"https:\/\/eterle.cz\/eshop\/wp-json\/wp\/v2\/media\/9990"}],"wp:attachment":[{"href":"https:\/\/eterle.cz\/eshop\/wp-json\/wp\/v2\/media?parent=9989"}],"wp:term":[{"taxonomy":"product_brand","embeddable":true,"href":"https:\/\/eterle.cz\/eshop\/wp-json\/wp\/v2\/product_brand?post=9989"},{"taxonomy":"product_cat","embeddable":true,"href":"https:\/\/eterle.cz\/eshop\/wp-json\/wp\/v2\/product_cat?post=9989"},{"taxonomy":"product_tag","embeddable":true,"href":"https:\/\/eterle.cz\/eshop\/wp-json\/wp\/v2\/product_tag?post=9989"}],"curies":[{"name":"wp","href":"https:\/\/api.w.org\/{rel}","templated":true}]}}